{"id":355,"date":"2021-05-09T14:49:15","date_gmt":"2021-05-09T12:49:15","guid":{"rendered":"https:\/\/famfl.de\/famfl\/?page_id=355"},"modified":"2021-05-09T14:49:16","modified_gmt":"2021-05-09T12:49:16","slug":"wolfgang-matthiessen","status":"publish","type":"page","link":"https:\/\/famfl.de\/famfl\/elementor-77\/wolfgang-matthiessen\/","title":{"rendered":"Wolfgang Matthiessen"},"content":{"rendered":"\n<p><a href=\"mailto:flensmatth@astfl.de\">flensmatth@astfl.de<\/a><br>Kurzdarstellung Forschungsschwerpunkte anhand meiner Urgro\u00dfeltern:<\/p>\n\n\n\n<p>Matthiesen, August Christoph,&nbsp;<strong>Region Angeln<\/strong><br>eb. 1872 Brarupholz b. Scheggerott, gest. 1954 Gr\u00fcnholz-Husum b. Sterup&nbsp;<\/p>\n\n\n\n<p>weitere Namen: Asmussen, Je\u00dfen, Paulsen, J\u00fcrgensen, Brix, Michelsen, Andersen<br>weitere Orte: Blick b. R\u00fcgge, Buschau b. Twedt, Esgrusschauby b. Esgrus, Boholz b. Struxdorf,&nbsp;<br>Scholderup b. Taarsedt, Twedt b. Loit, Langholz b. Steinfeld, Gunneby b. Ulsnis, \u00dclsby<\/p>\n\n\n\n<p>Marten, Catharina Elise,&nbsp;<strong>Region Angeln<\/strong><br>geb. 1870 Friedrichstal b. Quern, gest. 1932 Gr\u00fcnholz-Husum b. Sterup<\/p>\n\n\n\n<p>weitere Namen: Henningsen, Witt, Bahnsen<br>weitere Orte: Dingholz b. S\u00f6rup, Jordanstra\u00dfe b. Sterup, Gelting<br>Rathke, August Hermann,&nbsp;<strong>Region Ostpreussen<\/strong>, Flensburg<br>geb. 1871 Kutschitten (Ostpreussen, Pr. Eylau), gest. 1948 Flensburg<\/p>\n\n\n\n<p>weitere Namen: Plehn,&nbsp;<br>J\u00e4ger, Betty Elisabeth, Flensburg, D\u00e4nemark<br>geb. 1875 Flensburg, gest. 1923 Flensburg<\/p>\n\n\n\n<p>weitere Namen: Christensen, Jensen, Mathiesen<\/p>\n\n\n\n<p>weitere Orte: in D\u00e4nemark: Bredebro, Brede, M\u00f6geltondern, S\u00f6nderby b. M\u00f6geltondern<\/p>\n\n\n\n<p>Medau, Jacob Lorenz Christian,&nbsp;<strong>Region Eiderstedt<\/strong>, Stapelholm<br>geb. 1868 Oldenswort, gest. 1937 Witzwort<\/p>\n\n\n\n<p>weitere Namen: Magnus, Hegard, Meyer, Nissen, Copy od. Copin, Muhl&nbsp;<\/p>\n\n\n\n<p>weitere Orte: Uelvesb\u00fcll, T\u00f6nning, Kating b. T\u00f6nning, Tetenb\u00fcll, Wohlde b. Schleswig,&nbsp;<br>Koldenb\u00fcttel, Flensburg&nbsp;<\/p>\n\n\n\n<p>Holm, Anna, Region Eiderstedt<br>geb. 1866 Witzwort, gest. 1954 Witzwort<\/p>\n\n\n\n<p>weitere Namen: Peters, Friedrichs, Heine, Volquardts&nbsp;<\/p>\n\n\n\n<p>weitere Orte: Uelvesb\u00fcll, Rens in D\u00e4nemark<br>Thoms, Hinrich Wilhelm,&nbsp;<strong>Region Eiderstedt<\/strong><br>geb. 1868 Ksp. Garding, gest. 1963 Rotenspieker b. Oldenswort<\/p>\n\n\n\n<p>weitere Namen: Hansen, Christians, Christian, Bruhn, Janns, M\u00fcncks, Jacobs<\/p>\n\n\n\n<p>weitere Orte: Garding, T\u00f6nning, St. Peter, Welt<br>Pauls, Margarethe Wilhelmine Christine, Region Eiderstedt<br>geb. 1872 Tating, gest. 1934 T\u00f6nning<\/p>\n\n\n\n<p>weitere Namen: Marwig, K\u00fchl, Walligs od. Wallichs, Hoeck, Stehen, Kruse, Harding, Timon,&nbsp;<br>Hachmann, Sibbersen, von Langenberg, von der Beck<\/p>\n\n\n\n<p>weitere Orte: Poppenb\u00fcll, Tetenb\u00fcll, Kating b. T\u00f6nning, Koldenb\u00fcttel, Husum<br><sub>Stand: 03-2019<\/sub><\/p>\n","protected":false},"excerpt":{"rendered":"<p>flensmatth@astfl.deKurzdarstellung Forschungsschwerpunkte anhand meiner Urgro\u00dfeltern: Matthiesen, August Christoph,&nbsp;Region Angelneb. 1872 Brarupholz b. Scheggerott, gest. 1954 Gr\u00fcnholz-Husum b. Sterup&nbsp; weitere Namen: Asmussen, Je\u00dfen, Paulsen, J\u00fcrgensen, Brix, Michelsen, Andersenweitere Orte: Blick b. R\u00fcgge, Buschau b. Twedt, Esgrusschauby b. Esgrus, Boholz b. Struxdorf,&nbsp;Scholderup b. Taarsedt, Twedt b. Loit, Langholz b. Steinfeld, Gunneby b. Ulsnis, \u00dclsby Marten, Catharina Elise,&nbsp;Region [&hellip;]<\/p>\n","protected":false},"author":3,"featured_media":0,"parent":77,"menu_order":0,"comment_status":"closed","ping_status":"closed","template":"","meta":{"footnotes":""},"class_list":["post-355","page","type-page","status-publish","hentry"],"_links":{"self":[{"href":"https:\/\/famfl.de\/famfl\/wp-json\/wp\/v2\/pages\/355","targetHints":{"allow":["GET"]}}],"collection":[{"href":"https:\/\/famfl.de\/famfl\/wp-json\/wp\/v2\/pages"}],"about":[{"href":"https:\/\/famfl.de\/famfl\/wp-json\/wp\/v2\/types\/page"}],"author":[{"embeddable":true,"href":"https:\/\/famfl.de\/famfl\/wp-json\/wp\/v2\/users\/3"}],"replies":[{"embeddable":true,"href":"https:\/\/famfl.de\/famfl\/wp-json\/wp\/v2\/comments?post=355"}],"version-history":[{"count":1,"href":"https:\/\/famfl.de\/famfl\/wp-json\/wp\/v2\/pages\/355\/revisions"}],"predecessor-version":[{"id":356,"href":"https:\/\/famfl.de\/famfl\/wp-json\/wp\/v2\/pages\/355\/revisions\/356"}],"up":[{"embeddable":true,"href":"https:\/\/famfl.de\/famfl\/wp-json\/wp\/v2\/pages\/77"}],"wp:attachment":[{"href":"https:\/\/famfl.de\/famfl\/wp-json\/wp\/v2\/media?parent=355"}],"curies":[{"name":"wp","href":"https:\/\/api.w.org\/{rel}","templated":true}]}}