{"id":353,"date":"2021-05-09T14:48:16","date_gmt":"2021-05-09T12:48:16","guid":{"rendered":"https:\/\/famfl.de\/famfl\/?page_id=353"},"modified":"2021-05-09T14:50:08","modified_gmt":"2021-05-09T12:50:08","slug":"tina-matthiessen","status":"publish","type":"page","link":"https:\/\/famfl.de\/famfl\/elementor-77\/tina-matthiessen\/","title":{"rendered":"Tina Matthiessen"},"content":{"rendered":"\n<p><a href=\"http:\/\/www.flensburg-ahnenforschung.de\/teilnehmer\/teilnehmer\/tina@flensburg-ahnenforschung.de\">tina@flensburg-ahnenforschung.de<\/a><br><strong>Telscher:<\/strong>&nbsp;Meine Telschers kommen aus dem Raum Osnabr\u00fcck. In der Familie wird erz\u00e4hlt, dass die Telschers aus der Schweiz gekommen sind und sich in Osnabr\u00fcck getrennt haben. Meine Linie ist nach Ahrensburg Kreis Stormarn gewandert und von dort dann weiter nach Sonderburg\/D\u00e4nemark.<br>Einige Telschers sind auch nach Amerika ausgewandert und ein Teil ist in Osnabr\u00fcck geblieben.<br><br>Eingeheiratet Familiennamen: Grafe (Glane), Hohenh\u00f6vel (Walstedde), Itensohn\/Ittenson (Ahrensburg und Ilanz Schweiz), K\u00fcchenmeister (Reinfeld Kreis Stormarn), Schumillas (Biskau \/ Schlesien), Steen (Bornh\u00f6ved), Steinbrink (Osnabr\u00fcck), Timpe (Glane), Wraamann (Flensburg und Sonderburg).<\/p>\n\n\n\n<p><strong>Hohenh\u00f6vel:<\/strong>&nbsp;Meine Hohenh\u00f6vels kommen aus Walstedde Drensteinfurt im M\u00fcnsterland.<br><br>Eingeheiratet Familiennamen: Dreckmann, Grund, Scheuper (Walstedde), Stratmann (Drensteinfurt und Hamm), Telscher (Hamburg), Thimm (Gregersdorf Kreis Johannisburg\/Ostpreu\u00dfen).<\/p>\n\n\n\n<p><strong>Thimm:<\/strong>\u00a0Die Familie kam als Fl\u00fcchtlinge aus Ostpreu\u00dfen nach Flensburg.<br><br>Eingeheiratet Familiennamen: Przykopanski, Zellmann (Dortmund und Westpreu\u00dfen).<br><sub>Stand: 03-2019<\/sub><\/p>\n","protected":false},"excerpt":{"rendered":"<p>tina@flensburg-ahnenforschung.deTelscher:&nbsp;Meine Telschers kommen aus dem Raum Osnabr\u00fcck. In der Familie wird erz\u00e4hlt, dass die Telschers aus der Schweiz gekommen sind und sich in Osnabr\u00fcck getrennt haben. Meine Linie ist nach Ahrensburg Kreis Stormarn gewandert und von dort dann weiter nach Sonderburg\/D\u00e4nemark.Einige Telschers sind auch nach Amerika ausgewandert und ein Teil ist in Osnabr\u00fcck geblieben. Eingeheiratet [&hellip;]<\/p>\n","protected":false},"author":3,"featured_media":0,"parent":77,"menu_order":0,"comment_status":"closed","ping_status":"closed","template":"","meta":{"footnotes":""},"class_list":["post-353","page","type-page","status-publish","hentry"],"_links":{"self":[{"href":"https:\/\/famfl.de\/famfl\/wp-json\/wp\/v2\/pages\/353","targetHints":{"allow":["GET"]}}],"collection":[{"href":"https:\/\/famfl.de\/famfl\/wp-json\/wp\/v2\/pages"}],"about":[{"href":"https:\/\/famfl.de\/famfl\/wp-json\/wp\/v2\/types\/page"}],"author":[{"embeddable":true,"href":"https:\/\/famfl.de\/famfl\/wp-json\/wp\/v2\/users\/3"}],"replies":[{"embeddable":true,"href":"https:\/\/famfl.de\/famfl\/wp-json\/wp\/v2\/comments?post=353"}],"version-history":[{"count":2,"href":"https:\/\/famfl.de\/famfl\/wp-json\/wp\/v2\/pages\/353\/revisions"}],"predecessor-version":[{"id":358,"href":"https:\/\/famfl.de\/famfl\/wp-json\/wp\/v2\/pages\/353\/revisions\/358"}],"up":[{"embeddable":true,"href":"https:\/\/famfl.de\/famfl\/wp-json\/wp\/v2\/pages\/77"}],"wp:attachment":[{"href":"https:\/\/famfl.de\/famfl\/wp-json\/wp\/v2\/media?parent=353"}],"curies":[{"name":"wp","href":"https:\/\/api.w.org\/{rel}","templated":true}]}}