{"id":293,"date":"2021-05-07T21:58:19","date_gmt":"2021-05-07T19:58:19","guid":{"rendered":"http:\/\/famfl.de\/famfl\/?page_id=293"},"modified":"2022-07-03T11:45:41","modified_gmt":"2022-07-03T09:45:41","slug":"begriffe","status":"publish","type":"page","link":"https:\/\/famfl.de\/famfl\/forschung\/tipps\/begriffe\/","title":{"rendered":"Begriffe"},"content":{"rendered":"\n<h3 class=\"wp-block-heading\">Begriffe, Wissenswertes und Interessantes \u00fcber das Leben im Norden<\/h3>\n\n\n\n<p>(Nord- und S\u00fcdschleswig, Nordfriesland, S\u00fcdj\u00fctland)&nbsp;<br>von A &#8211; Z f\u00fcr Freunde der Heimatgeschichte und Genealogen<br>und lateinische Bezeichnungen bei Kirchenbucheintragungen<br>erstellt von&nbsp;<br>G\u00fcnter Evers aus Gl\u00fccksburg (Erg\u00e4nzt von Asmus Petersen im Februar 2020)<br><br>&#8230;&#8230; f\u00f6r all de veelen&nbsp;<br>l\u00fctten un korten Frogen<br>ut unse sch\u00f6\u00f6ne<br>noordische Heimot<br>bi de uns de Antwoorten&nbsp;<br>graad nich praat s\u00fcnd .<br><strong>Vorwort<\/strong><br><br>Im Zeitalter des Internets und anderer elektronischer Medien ist es nicht schwer jede Frage ausf\u00fchrlich und umfassend in Wort, Bild und Ton beantwortet zu bekommen.&nbsp;<br><br>Oft sind es aber die kleinen, spontan aufkommenden Fragen wie:&nbsp;<br>&#8222;was bedeutet eigentlich &#8230;?&#8220;, &#8222;wer waren denn die &#8230;?&#8220;, &#8222;wie machte man?&#8220;, &#8222;wann war &#8230;?&#8220;, &#8222;wozu gebrauchte man &#8230;?&#8220;, &#8222;wieso wurde &#8230;.?&#8220; usw.&nbsp;<br>Mehr will man gar nicht.&nbsp;<br><br>Daf\u00fcr den PC anschalten, das Internet hochfahren, Suchbegriff eingeben, warten, unter f\u00fcnfzig und mehr Angeboten ausw\u00e4hlen, lesen, downloaden, speichern, wieder finden?&nbsp;<br>Oder den B\u00fccherschrank durchforsten und bei hundert anderen Fragen die mit jedem Buch, das man zur Hand nimmt, pl\u00f6tzlich auftauchen h\u00e4ngen bleiben?&nbsp;&nbsp;&nbsp;&nbsp;&nbsp; Wonach suchte ich eigentlich noch?<br><br>F\u00fcr diesen Zweck ist diese Schrift n\u00fctzlich. Griffbereit, nach dem Alphabet geordnet, f\u00fcr eine speziell interessierte Lesergruppe geschrieben und f\u00fcr ein abgegrenztes Thema sowie eine bestimmte Region.&nbsp;<br><br>Bisher wurden \u00fcber 1.350 Begriffe die einen Bezug zu unserer nordischen Heimat haben mit unz\u00e4hligen Unterbegriffen erfasst. Besonders solche, die etwas \u00fcber alte Br\u00e4uche, Regeln, Gewohnheiten, geschichtliche Ereignisse und Verhaltensweisen aussagen. Viele sinnvolle Querverweise zu anderen Begriffen vervollst\u00e4ndigen die Suche.&nbsp;<\/p>\n\n\n\n<p>Sollte etwas fehlen, ich bin f\u00fcr jede Anregung dankbar.&nbsp;<\/p>\n\n\n\n<p>G\u00fcnter Evers<\/p>\n\n\n\n<p>F\u00fcr Erg\u00e4nzungen oder \u00c4nderungen &gt;&nbsp;<a href=\"mailto:info@flensburg-ahnenforschung.de\">Mail an den Arbeitskreis<\/a><\/p>\n\n\n\n<hr class=\"wp-block-separator has-css-opacity\"\/>\n\n\n\n<p><\/p>\n\n\n<nav class=\"is-responsive wp-block-navigation is-layout-flex wp-block-navigation-is-layout-flex\" aria-label=\"Begriffe\" \n\t\t data-wp-interactive=\"core\/navigation\" data-wp-context='{\"overlayOpenedBy\":{\"click\":false,\"hover\":false,\"focus\":false},\"type\":\"overlay\",\"roleAttribute\":\"\",\"ariaLabel\":\"Men\\u00fc\"}'><button aria-haspopup=\"dialog\" aria-label=\"Men\u00fc \u00f6ffnen\" class=\"wp-block-navigation__responsive-container-open \" \n\t\t\t\tdata-wp-on-async--click=\"actions.openMenuOnClick\"\n\t\t\t\tdata-wp-on--keydown=\"actions.handleMenuKeydown\"\n\t\t\t><svg width=\"24\" height=\"24\" xmlns=\"http:\/\/www.w3.org\/2000\/svg\" viewBox=\"0 0 24 24\" aria-hidden=\"true\" focusable=\"false\"><rect x=\"4\" y=\"7.5\" width=\"16\" height=\"1.5\" \/><rect x=\"4\" y=\"15\" width=\"16\" height=\"1.5\" \/><\/svg><\/button>\n\t\t\t\t<div class=\"wp-block-navigation__responsive-container  \"  id=\"modal-1\" \n\t\t\t\tdata-wp-class--has-modal-open=\"state.isMenuOpen\"\n\t\t\t\tdata-wp-class--is-menu-open=\"state.isMenuOpen\"\n\t\t\t\tdata-wp-watch=\"callbacks.initMenu\"\n\t\t\t\tdata-wp-on--keydown=\"actions.handleMenuKeydown\"\n\t\t\t\tdata-wp-on-async--focusout=\"actions.handleMenuFocusout\"\n\t\t\t\ttabindex=\"-1\"\n\t\t\t>\n\t\t\t\t\t<div class=\"wp-block-navigation__responsive-close\" tabindex=\"-1\">\n\t\t\t\t\t\t<div class=\"wp-block-navigation__responsive-dialog\" \n\t\t\t\tdata-wp-bind--aria-modal=\"state.ariaModal\"\n\t\t\t\tdata-wp-bind--aria-label=\"state.ariaLabel\"\n\t\t\t\tdata-wp-bind--role=\"state.roleAttribute\"\n\t\t\t>\n\t\t\t\t\t\t\t<button aria-label=\"Men\u00fc schlie\u00dfen\" class=\"wp-block-navigation__responsive-container-close\" \n\t\t\t\tdata-wp-on-async--click=\"actions.closeMenuOnClick\"\n\t\t\t><svg xmlns=\"http:\/\/www.w3.org\/2000\/svg\" viewBox=\"0 0 24 24\" width=\"24\" height=\"24\" aria-hidden=\"true\" focusable=\"false\"><path d=\"m13.06 12 6.47-6.47-1.06-1.06L12 10.94 5.53 4.47 4.47 5.53 10.94 12l-6.47 6.47 1.06 1.06L12 13.06l6.47 6.47 1.06-1.06L13.06 12Z\"><\/path><\/svg><\/button>\n\t\t\t\t\t\t\t<div class=\"wp-block-navigation__responsive-container-content\" \n\t\t\t\tdata-wp-watch=\"callbacks.focusFirstElement\"\n\t\t\t id=\"modal-1-content\">\n\t\t\t\t\t\t\t\t<ul class=\"wp-block-navigation__container is-responsive wp-block-navigation\"><li class=\" wp-block-navigation-item wp-block-navigation-link\"><a class=\"wp-block-navigation-item__content\"  href=\"https:\/\/famfl.de\/famfl\/forschung\/tipps\/begriffe\/a-b\/\"><span class=\"wp-block-navigation-item__label\">A \u2013 B<\/span><\/a><\/li><li class=\" wp-block-navigation-item wp-block-navigation-link\"><a class=\"wp-block-navigation-item__content\"  href=\"https:\/\/famfl.de\/famfl\/forschung\/tipps\/begriffe\/c-d\/\"><span class=\"wp-block-navigation-item__label\">C \u2013 D<\/span><\/a><\/li><li class=\" wp-block-navigation-item wp-block-navigation-link\"><a class=\"wp-block-navigation-item__content\"  href=\"https:\/\/famfl.de\/famfl\/forschung\/tipps\/begriffe\/e-f\/\"><span class=\"wp-block-navigation-item__label\">E \u2013 G<\/span><\/a><\/li><li class=\" wp-block-navigation-item wp-block-navigation-link\"><a class=\"wp-block-navigation-item__content\"  href=\"https:\/\/famfl.de\/famfl\/forschung\/tipps\/begriffe\/h-i\/\"><span class=\"wp-block-navigation-item__label\">H \u2013 I<\/span><\/a><\/li><\/ul>\n\t\t\t\t\t\t\t<\/div>\n\t\t\t\t\t\t<\/div>\n\t\t\t\t\t<\/div>\n\t\t\t\t<\/div><\/nav>","protected":false},"excerpt":{"rendered":"<p>Begriffe, Wissenswertes und Interessantes \u00fcber das Leben im Norden (Nord- und S\u00fcdschleswig, Nordfriesland, S\u00fcdj\u00fctland)&nbsp;von A &#8211; Z f\u00fcr Freunde der Heimatgeschichte und Genealogenund lateinische Bezeichnungen bei Kirchenbucheintragungenerstellt von&nbsp;G\u00fcnter Evers aus Gl\u00fccksburg (Erg\u00e4nzt von Asmus Petersen im Februar 2020) &#8230;&#8230; f\u00f6r all de veelen&nbsp;l\u00fctten un korten Frogenut unse sch\u00f6\u00f6nenoordische Heimotbi de uns de Antwoorten&nbsp;graad nich praat [&hellip;]<\/p>\n","protected":false},"author":3,"featured_media":0,"parent":65,"menu_order":8,"comment_status":"closed","ping_status":"closed","template":"","meta":{"footnotes":""},"class_list":["post-293","page","type-page","status-publish","hentry"],"_links":{"self":[{"href":"https:\/\/famfl.de\/famfl\/wp-json\/wp\/v2\/pages\/293","targetHints":{"allow":["GET"]}}],"collection":[{"href":"https:\/\/famfl.de\/famfl\/wp-json\/wp\/v2\/pages"}],"about":[{"href":"https:\/\/famfl.de\/famfl\/wp-json\/wp\/v2\/types\/page"}],"author":[{"embeddable":true,"href":"https:\/\/famfl.de\/famfl\/wp-json\/wp\/v2\/users\/3"}],"replies":[{"embeddable":true,"href":"https:\/\/famfl.de\/famfl\/wp-json\/wp\/v2\/comments?post=293"}],"version-history":[{"count":8,"href":"https:\/\/famfl.de\/famfl\/wp-json\/wp\/v2\/pages\/293\/revisions"}],"predecessor-version":[{"id":753,"href":"https:\/\/famfl.de\/famfl\/wp-json\/wp\/v2\/pages\/293\/revisions\/753"}],"up":[{"embeddable":true,"href":"https:\/\/famfl.de\/famfl\/wp-json\/wp\/v2\/pages\/65"}],"wp:attachment":[{"href":"https:\/\/famfl.de\/famfl\/wp-json\/wp\/v2\/media?parent=293"}],"curies":[{"name":"wp","href":"https:\/\/api.w.org\/{rel}","templated":true}]}}