{"id":287,"date":"2021-05-07T21:50:43","date_gmt":"2021-05-07T19:50:43","guid":{"rendered":"http:\/\/famfl.de\/famfl\/?page_id=287"},"modified":"2021-05-07T21:50:54","modified_gmt":"2021-05-07T19:50:54","slug":"archivunterlagen","status":"publish","type":"page","link":"https:\/\/famfl.de\/famfl\/forschung\/tipps\/archivunterlagen\/","title":{"rendered":"Archivunterlagen"},"content":{"rendered":"\n<h3 class=\"wp-block-heading\">Hinweise auf Archivunterlagen f\u00fcr Ahnenforschung:&nbsp;<\/h3>\n\n\n\n<p><strong>B\u00fcrgerbuch der Stadt Flensburg<\/strong>&nbsp;1999 Verz. der Neub\u00fcrger von 1558-1869. 3 Bd.&nbsp;<br>Mittelalter-Familien in Flensburg und Nordfriesland und ihre Nachkommen in D., Dk. und N. Stadtarchiv Flensburg.<\/p>\n\n\n\n<p><strong>Middelalder-Familie<\/strong>. Knud Gether. 2 B\u00e4nde. DCB<\/p>\n\n\n\n<p><strong>Angeln<\/strong>. Geschichtlich und topographisch beschrieben. H.N.A. Jensen. 1922&nbsp;<\/p>\n\n\n\n<p><strong>Topographie der Landschaft Angeln<\/strong>. 1994\/95. Berthold Hamer. 2 Bde.<\/p>\n\n\n\n<p><strong>Topographie des Herzogtums Schleswig<\/strong>. 1975. Henning Oldekop. LZB SH 274 O<\/p>\n\n\n\n<p><strong>Schleswig-Holstein:<\/strong>&nbsp;Topographie. Band 1 bis &#8230;.(wird fortgesetzt) LZB u. DCB.<\/p>\n\n\n\n<p>T<strong>opographie des Herzogthums Schleswig. 1854<\/strong>. Schr\u00f6der-Biernatzki.&nbsp;<\/p>\n\n\n\n<p><strong>Biographisches Lexikon f\u00fcr Schleswig-Holstein<\/strong>. Biographien von Schl.-Holsteinern. 11 Bd. DCB<\/p>\n\n\n\n<p><strong>Kolonisten<\/strong>: Otto Clausen: Die Chronik der Heide- und Moorkolonisation. LZB. SH 69 C.&nbsp;<br>Otto Clausen: Die Heidekolonie Westscheide. Jahrbuch Angeln 1991.&nbsp;<br>Wilhelm Kleeberg: Die Kolonie Friedrichsheide. Jahrbuch Schleswigsche Geest 1976 .<\/p>\n\n\n\n<p><strong>M\u00fchlen u. ihre Betreiber:<\/strong>&nbsp;Hans Petersen. Geschichte der M\u00fchlen zwischen Eider u. K\u00f6nigsau. 1988.&nbsp;<br>LZB SH 214 P. AlfredKuehn. Die M\u00fchlen des Kreises Rendsburg. In&nbsp;<br><strong><br>Heimatkundliches Jahrbuch des Kreises Rendsburg<\/strong>. DCB.&nbsp;<\/p>\n\n\n\n<p><strong>Familienkundliches Jahrbuch Schleswig-Holstein<\/strong>. (ab 1961) LZB<\/p>\n\n\n\n<p><strong>Jahrbuch f\u00fcr die Schleswigsche Geest<\/strong>&nbsp;(ab 1953) LZB SH 146 J T&nbsp;<\/p>\n\n\n\n<p><strong>Jahrbuch des Heimatvereins der Landschaft Angeln.<\/strong>&nbsp;LZB&nbsp;<\/p>\n\n\n\n<p><strong>Die Sippe der Nordmark.<\/strong>&nbsp;Folge 1-1933 bis Folge 6-1942. Zusammengefa\u00dft in 1 Band Uni.-Bibliothek Kiel Band X 2774<\/p>\n\n\n\n<p><strong>Franz Schubert.<\/strong>&nbsp;Quellen und Schriften zur Bev\u00f6lkerungsgeschichte Norddeutschlands.<br>Trauregister aus den \u00e4ltesten Kirchenb\u00fcchern Schleswig-Holsteins von den Anf\u00e4ngen bis zum Jahr 1704.<br>Band 16. Flensburg und Angeln. G\u00f6ttingen 1997 Es gibt weitere Register f\u00fcr unseren engeren Raum: Norder- u.&nbsp;<br>S\u00fcderdithmarschen, Eckernf\u00f6rde, Eiderstedt, Rendsburg, Neum\u00fcnster sowie f\u00fcr viele andere Bundesl\u00e4nder.<br>Band 15 Probstei Eckernf\u00f6rde. Von den Anf\u00e4ngen bis 1704.Band 18 Probstei Schleswig. Von den Anf\u00e4ngen bis 1704.<\/p>\n\n\n\n<p><strong>Schlo\u00df Gl\u00fccksburg:<\/strong>&nbsp;Berthold Hamer: Der Hofstaat der F\u00fcrstenresidenz zu Gl\u00fccksburg.<\/p>\n\n\n\n<p><strong>Gejstliheden i Schleswig-Holstein fra Reformationen til 1864.<\/strong><br>Band 1 u. 2. Alle Geistlichen alphabetisch geordnet. DCB.Band 3 Kirchorte u. ihre Geistlichen. DCB.&nbsp;<\/p>\n\n\n\n<p><strong>Kirchen in Angeln<\/strong>&nbsp;und ihre Kunstsch\u00e4tze.&nbsp;<\/p>\n\n\n\n<p><strong>Die Kirchenb\u00fccher<\/strong>&nbsp;Schl.-Holsteins und der Hansest\u00e4dte. Wilhelm Jensen. Kirchenb\u00fccher. Eckart Henning u. Christel Wegeleben. Bibliographie gedruckter Tauf-, Trau- u. Totenregister im deutschen Sprachgebiet. Anhang MILITARIA sowie MINDERHEITEN. LZB.<\/p>\n\n\n\n<p><strong>Eiderstedt.<\/strong>&nbsp;Halbinsel der Kirchen. Hans-Walter Wulf. 1999. DCB<\/p>\n\n\n\n<p><strong>Kirchenb\u00fccher des Ostens<\/strong>. Christoph Lenhartz. LZB Gesch 52 L.Verfilmung der KB durch die Mormonen mit Filmnummern.<\/p>\n\n\n\n<p><strong>Ostprovinzen:<\/strong>&nbsp;Posen, Ost- und Westpreu\u00dfen, Pommern, Schlesien.<br>Deutsche Zentralstelle f\u00fcr Genealogie. Georg-Dimitroff-Platz 1. 04177 Leipzig<\/p>\n\n\n\n<p><strong>Heimatgeschichtlicher Wegweiser<\/strong>&nbsp;zu den St\u00e4tten des Widerstandes und der Verfolgung 1933 &#8211; 1945<br>Schleswig-Holstein I. N\u00f6rdlicher Landesteil. (Teil Kreis Schleswig ist in Kopie vorh. EB) LZB<br>Deutsche Dienststelle (WAST) Postfach 510657 13400 Berlin. Suche nach Daten f\u00fcr Wehrmachtangeh\u00f6rige.&nbsp;<\/p>\n\n\n\n<p><strong>Familienforschung<\/strong>&nbsp;allgemein LZB Gesch. 48-54. Sehr umfangreiche Sammlung von Hilfen bei der<br>Fam.-Forsch. u.a. Familienkunde Ost- und Westpreu\u00dfen, B\u00fcrgerb\u00fccher, Personenregister&nbsp;<\/p>\n\n\n\n<p><strong>Auswanderer<\/strong>. Germans To America. List of Passengers Arriving at U.S. Ports.<br>Band 1 1850 bis Band 45 1883 im Nordfriisk Instituut Bredstedt.<br>Band 1 1850 bis Band \u2026 1897 in DCB<br>Germans To America ist teilweise ungenau mit Fehlstellen, aber unabdingbar.<\/p>\n\n\n\n<p><strong>Ahnenforschung<\/strong>. Auf den Spuren der Vorfahren. Verein f\u00fcr Computergenealogie e.V. 2004&nbsp;<\/p>\n\n\n\n<p>Das Ortsbuch f\u00fcr das deutsche Reich 1938. (ein m\u00e4chtiges Werk f\u00fcr die&nbsp;<br>Suche nach deutschen Orten) LZB.<\/p>\n\n\n\n<p><strong>Gemeinde- und Ortslexikon des deutschen Reiches<\/strong>. Pelocke, Hermann: Petzolds Verzeichnis s\u00e4mtlicher&nbsp;<br>Gemeinden und Gutsbezirke, Post-, Bahn-, Kleinbahn- und Schiffahrtsstationen sowie aller nicht selbst\u00e4ndigen<br>Ortschaften, Kolonien, Weiler etc. des deutschen Reichsgebiets, letztere bis zu 50 Einwohner abw\u00e4rts.&nbsp;<br>Zweite, vollst\u00e4ndig neubearbeitete und vermehrte Auflage auf Grund neuester&nbsp;<br>amtlicher Unterlagen und eigener Ermittlungen zusammengestellt.&nbsp;<br>Bischofswerda, Petzold, 1911. Ausgabe vorhergehend von 1901.<\/p>\n\n\n\n<p><strong>Praktische Archivkunde<\/strong>. Norbert Reimann. Im Auftrag des Westf\u00e4lischen Archivamtes. Ardey-Verlag M\u00fcnster 2004.&nbsp;<\/p>\n\n\n\n<p><strong>Deutsches W\u00f6rterbuch.<\/strong>&nbsp;Jacob und Wilhelm Grimm. 1854. 33 B\u00e4nde LZB.<\/p>\n\n\n\n<p><strong>Gesamtregister zum Deutschen Familienarchiv<\/strong>. Band 1 bis 100.&nbsp;<br>Die B\u00e4nde zum Deutschen Familienarchiv befinden sich in der LZB.<\/p>\n\n\n\n<p><strong>Ribbe Henning<\/strong>. Taschenbuch f\u00fcr Familiengeschichtsforschung.&nbsp;<\/p>\n\n\n\n<p><strong>Findb\u00fccher LZB<\/strong><br>1. Aufnahme aller Chroniken des Landes Schleswig-Holstein.<br>2. SH5. Ortsgeschichte. Regionalgeschichte Schleswig-Holstein.<\/p>\n\n\n\n<p><strong>Forschung in D\u00e4nemark:<\/strong><\/p>\n\n\n\n<p>B\u00fcrgerbuch Tondern. DCB.<\/p>\n\n\n\n<p>B\u00fcrgerbuch der Stadt Hadersleben. Bis zum Jahr 1864. Thomas Otto Achelis. DCB.<\/p>\n\n\n\n<p>TRAP Danmark. Findbuch f\u00fcr alle Orte in D\u00e4nemark. DCBDanmarks Adels Aarbog. DCB<\/p>\n\n\n\n<p><a href=\"http:\/\/www.dis-danmark.dk\/\">www.dis-danmark.dk<\/a>&nbsp;enth\u00e4lt ein Forum f\u00fcr Suchende aus Deutschland in deutscher Sprache.<\/p>\n\n\n\n<p><a href=\"http:\/\/www.ddd.dda.dk\/\">www.ddd.dda.dk<\/a>&nbsp; Volksz\u00e4hlungen auch von S\u00f6nderjylland<\/p>\n\n\n\n<p><a href=\"http:\/\/www.arkivalieronline.dk\/\">www.arkivalieronline.dk<\/a>&nbsp;&nbsp; Kirchenb\u00fccher zum lesen und downloaden<\/p>\n","protected":false},"excerpt":{"rendered":"<p>Hinweise auf Archivunterlagen f\u00fcr Ahnenforschung:&nbsp; B\u00fcrgerbuch der Stadt Flensburg&nbsp;1999 Verz. der Neub\u00fcrger von 1558-1869. 3 Bd.&nbsp;Mittelalter-Familien in Flensburg und Nordfriesland und ihre Nachkommen in D., Dk. und N. Stadtarchiv Flensburg. Middelalder-Familie. Knud Gether. 2 B\u00e4nde. DCB Angeln. Geschichtlich und topographisch beschrieben. H.N.A. Jensen. 1922&nbsp; Topographie der Landschaft Angeln. 1994\/95. Berthold Hamer. 2 Bde. Topographie des [&hellip;]<\/p>\n","protected":false},"author":3,"featured_media":0,"parent":65,"menu_order":7,"comment_status":"closed","ping_status":"closed","template":"","meta":{"footnotes":""},"class_list":["post-287","page","type-page","status-publish","hentry"],"_links":{"self":[{"href":"https:\/\/famfl.de\/famfl\/wp-json\/wp\/v2\/pages\/287","targetHints":{"allow":["GET"]}}],"collection":[{"href":"https:\/\/famfl.de\/famfl\/wp-json\/wp\/v2\/pages"}],"about":[{"href":"https:\/\/famfl.de\/famfl\/wp-json\/wp\/v2\/types\/page"}],"author":[{"embeddable":true,"href":"https:\/\/famfl.de\/famfl\/wp-json\/wp\/v2\/users\/3"}],"replies":[{"embeddable":true,"href":"https:\/\/famfl.de\/famfl\/wp-json\/wp\/v2\/comments?post=287"}],"version-history":[{"count":1,"href":"https:\/\/famfl.de\/famfl\/wp-json\/wp\/v2\/pages\/287\/revisions"}],"predecessor-version":[{"id":288,"href":"https:\/\/famfl.de\/famfl\/wp-json\/wp\/v2\/pages\/287\/revisions\/288"}],"up":[{"embeddable":true,"href":"https:\/\/famfl.de\/famfl\/wp-json\/wp\/v2\/pages\/65"}],"wp:attachment":[{"href":"https:\/\/famfl.de\/famfl\/wp-json\/wp\/v2\/media?parent=287"}],"curies":[{"name":"wp","href":"https:\/\/api.w.org\/{rel}","templated":true}]}}