{"id":277,"date":"2021-05-07T21:41:57","date_gmt":"2021-05-07T19:41:57","guid":{"rendered":"http:\/\/famfl.de\/famfl\/?page_id=277"},"modified":"2021-05-07T21:42:13","modified_gmt":"2021-05-07T19:42:13","slug":"kirchenkreisarchive","status":"publish","type":"page","link":"https:\/\/famfl.de\/famfl\/forschung\/tipps\/kirchenkreisarchive\/","title":{"rendered":"Kirchenkreisarchive"},"content":{"rendered":"\n<p><strong>Die Kirchenb\u00fccher<\/strong><\/p>\n\n\n\n<p>Wichtigste Quelle f\u00fcr die Ahnenforschung sind die Kirchenb\u00fccher, deren&nbsp;<br>Einf\u00fchrung 1645 von Christian IV angeordnet, aber in vielen Kirchspielen&nbsp;<br>wegen des 30-j\u00e4hrigen Krieges erst einige Jahre sp\u00e4ter begonnen wurde. Es&nbsp;<br>gab aber auch Pastoren, die bereits ohne k\u00f6nigliche Anordnung&nbsp;<br>Aufzeichnungen begonnen hatten.&nbsp;<\/p>\n\n\n\n<p>In den deutschen Kirchenbuch\u00e4mtern stehen Kirchenb\u00fccher in der Regel nur&nbsp;<br>f\u00fcr die Zeit vor 1876 (Einf\u00fchrung der Standes\u00e4mter) zur Verf\u00fcgung. Alle&nbsp;<br>B\u00fccher sind nur noch als Microfiches einsehbar. Die Benutzung ist&nbsp;<br>kostenpflichtig, z.Z. 5 Euro f\u00fcr 4 Stunden.&nbsp;<br>Eine weitere M\u00f6glichkeit ist das Onlineportal www.archion.de<\/p>\n\n\n\n<p>Standes\u00e4mter gibt es in D\u00e4nemark nicht, jedoch hat man f\u00fcr den Bereich&nbsp;<br>S\u00f8nderjylland mit dem &#8222;Folkeregister&#8220; nach 1920 eine vergleichbare&nbsp;<br>Einrichtung geschaffen. Hier kann man f\u00fcr die Familienforschung (gegen&nbsp;<br>Geb\u00fchren) Ausk\u00fcnfte zu neueren Daten erhalten. Die allgemeine Sperrfrist&nbsp;<br>betr\u00e4gt 30 Jahre, bei Ausk\u00fcnften \u00fcber Einzelpersonen 80 Jahre.&nbsp;<br>Eintragungen \u00fcber Todesdaten sind 10 Jahre gesperrt.<\/p>\n\n\n\n<p>Daten \u00fcber Eigentumsver\u00e4nderungen sofort zug\u00e4ngig. F\u00fcr Volksz\u00e4hlungen&nbsp;<br>betr\u00e4gt die Sperrfrist 80 Jahre. Die erste Z\u00e4hlung nach der Ziehung der&nbsp;<br>heutigen Grenze erfolgte 1921. Die Folkeregister werden bei den St\u00e4dten&nbsp;<br>und Gemeinden (in den Rath\u00e4usern) gef\u00fchrt.&nbsp;<\/p>\n\n\n\n<p><strong>Literatur:<\/strong><br>Eger, Wolfgang: Verzeichnis der Milit\u00e4rkirchenb\u00fccher in der Bundesrepublik,&nbsp;<br>Degener Verlag 1993<\/p>\n\n\n\n<p>Henningsen, Lars: Danske Kirkeb\u00f8ger i Sydslesvig,&nbsp;<br>Dansk Centralbibliotek i Flensborg<\/p>\n\n\n\n<p>Jensen, Wilhelm: Die Kirchenb\u00fccher in Schleswig-Holstein,&nbsp;<br>Wachholtz-Verlag 1958<\/p>\n\n\n\n<p>K\u00f8benhavnske Kirkeb\u00f8ger: auch f\u00fcr Gr\u00f8nland und Vestindien,<br>Landsarkivet for Sj\u00e6lland, K\u00f8benhaven<\/p>\n","protected":false},"excerpt":{"rendered":"<p>Die Kirchenb\u00fccher Wichtigste Quelle f\u00fcr die Ahnenforschung sind die Kirchenb\u00fccher, deren&nbsp;Einf\u00fchrung 1645 von Christian IV angeordnet, aber in vielen Kirchspielen&nbsp;wegen des 30-j\u00e4hrigen Krieges erst einige Jahre sp\u00e4ter begonnen wurde. Es&nbsp;gab aber auch Pastoren, die bereits ohne k\u00f6nigliche Anordnung&nbsp;Aufzeichnungen begonnen hatten.&nbsp; In den deutschen Kirchenbuch\u00e4mtern stehen Kirchenb\u00fccher in der Regel nur&nbsp;f\u00fcr die Zeit vor 1876 (Einf\u00fchrung [&hellip;]<\/p>\n","protected":false},"author":3,"featured_media":0,"parent":65,"menu_order":3,"comment_status":"closed","ping_status":"closed","template":"","meta":{"footnotes":""},"class_list":["post-277","page","type-page","status-publish","hentry"],"_links":{"self":[{"href":"https:\/\/famfl.de\/famfl\/wp-json\/wp\/v2\/pages\/277","targetHints":{"allow":["GET"]}}],"collection":[{"href":"https:\/\/famfl.de\/famfl\/wp-json\/wp\/v2\/pages"}],"about":[{"href":"https:\/\/famfl.de\/famfl\/wp-json\/wp\/v2\/types\/page"}],"author":[{"embeddable":true,"href":"https:\/\/famfl.de\/famfl\/wp-json\/wp\/v2\/users\/3"}],"replies":[{"embeddable":true,"href":"https:\/\/famfl.de\/famfl\/wp-json\/wp\/v2\/comments?post=277"}],"version-history":[{"count":1,"href":"https:\/\/famfl.de\/famfl\/wp-json\/wp\/v2\/pages\/277\/revisions"}],"predecessor-version":[{"id":278,"href":"https:\/\/famfl.de\/famfl\/wp-json\/wp\/v2\/pages\/277\/revisions\/278"}],"up":[{"embeddable":true,"href":"https:\/\/famfl.de\/famfl\/wp-json\/wp\/v2\/pages\/65"}],"wp:attachment":[{"href":"https:\/\/famfl.de\/famfl\/wp-json\/wp\/v2\/media?parent=277"}],"curies":[{"name":"wp","href":"https:\/\/api.w.org\/{rel}","templated":true}]}}